{"id":298,"date":"2021-07-26T19:08:31","date_gmt":"2021-07-26T17:08:31","guid":{"rendered":"http:\/\/marie-annes.net\/kinderstunde\/?page_id=298"},"modified":"2021-07-26T22:04:42","modified_gmt":"2021-07-26T20:04:42","slug":"suchen","status":"publish","type":"page","link":"https:\/\/marie-annes.net\/kinderstunde\/suchen","title":{"rendered":"Suchen"},"content":{"rendered":"\n<h2 class=\"wp-block-heading\">Welche Aktivit\u00e4t suchst Du ?<\/h2>\n\n\n\n<p>Was f\u00fcr ein Thema :<\/p>\n\n\n<p class=\"wp-block-tag-cloud\"><a href=\"https:\/\/marie-annes.net\/kinderstunde\/thema\/du-brauchst-keine-angst-zu-haben\" class=\"tag-cloud-link tag-link-54 tag-link-position-1\" style=\"font-size: 18.5pt;\" aria-label=\"&quot;Du brauchst keine Angst zu haben&quot; (3\u00a0Eintr\u00e4ge)\">&quot;Du brauchst keine Angst zu haben&quot;<\/a>\n<a href=\"https:\/\/marie-annes.net\/kinderstunde\/thema\/gott-ist-immer-bei-dir\" class=\"tag-cloud-link tag-link-52 tag-link-position-2\" style=\"font-size: 22pt;\" aria-label=\"&quot;Gott ist immer bei dir&quot; (4\u00a0Eintr\u00e4ge)\">&quot;Gott ist immer bei dir&quot;<\/a>\n<a href=\"https:\/\/marie-annes.net\/kinderstunde\/thema\/7-jahre\" class=\"tag-cloud-link tag-link-113 tag-link-position-3\" style=\"font-size: 8pt;\" aria-label=\"7 jahre (1\u00a0Eintrag)\">7 jahre<\/a>\n<a href=\"https:\/\/marie-annes.net\/kinderstunde\/thema\/angst\" class=\"tag-cloud-link tag-link-121 tag-link-position-4\" style=\"font-size: 8pt;\" aria-label=\"Angst (1\u00a0Eintrag)\">Angst<\/a>\n<a href=\"https:\/\/marie-annes.net\/kinderstunde\/thema\/apfel\" class=\"tag-cloud-link tag-link-81 tag-link-position-5\" style=\"font-size: 8pt;\" aria-label=\"Apfel (1\u00a0Eintrag)\">Apfel<\/a>\n<a href=\"https:\/\/marie-annes.net\/kinderstunde\/thema\/auf-gottes-segen-ist-verlass\" class=\"tag-cloud-link tag-link-108 tag-link-position-6\" style=\"font-size: 8pt;\" aria-label=\"Auf Gottes Segen ist Verlass (1\u00a0Eintrag)\">Auf Gottes Segen ist Verlass<\/a>\n<a href=\"https:\/\/marie-annes.net\/kinderstunde\/thema\/backen\" class=\"tag-cloud-link tag-link-14 tag-link-position-7\" style=\"font-size: 14.3pt;\" aria-label=\"backen (2\u00a0Eintr\u00e4ge)\">backen<\/a>\n<a href=\"https:\/\/marie-annes.net\/kinderstunde\/thema\/baum\" class=\"tag-cloud-link tag-link-80 tag-link-position-8\" style=\"font-size: 8pt;\" aria-label=\"Baum (1\u00a0Eintrag)\">Baum<\/a>\n<a href=\"https:\/\/marie-annes.net\/kinderstunde\/thema\/bringe-gute-frucht\" class=\"tag-cloud-link tag-link-79 tag-link-position-9\" style=\"font-size: 8pt;\" aria-label=\"Bringe gute Frucht (1\u00a0Eintrag)\">Bringe gute Frucht<\/a>\n<a href=\"https:\/\/marie-annes.net\/kinderstunde\/thema\/brot\" class=\"tag-cloud-link tag-link-13 tag-link-position-10\" style=\"font-size: 14.3pt;\" aria-label=\"Brot (2\u00a0Eintr\u00e4ge)\">Brot<\/a>\n<a href=\"https:\/\/marie-annes.net\/kinderstunde\/thema\/brunnen\" class=\"tag-cloud-link tag-link-111 tag-link-position-11\" style=\"font-size: 8pt;\" aria-label=\"Brunnen (1\u00a0Eintrag)\">Brunnen<\/a>\n<a href=\"https:\/\/marie-annes.net\/kinderstunde\/thema\/demut\" class=\"tag-cloud-link tag-link-94 tag-link-position-12\" style=\"font-size: 8pt;\" aria-label=\"Demut (1\u00a0Eintrag)\">Demut<\/a>\n<a href=\"https:\/\/marie-annes.net\/kinderstunde\/thema\/engel\" class=\"tag-cloud-link tag-link-105 tag-link-position-13\" style=\"font-size: 14.3pt;\" aria-label=\"Engel (2\u00a0Eintr\u00e4ge)\">Engel<\/a>\n<a href=\"https:\/\/marie-annes.net\/kinderstunde\/thema\/erbarmen\" class=\"tag-cloud-link tag-link-93 tag-link-position-14\" style=\"font-size: 8pt;\" aria-label=\"Erbarmen (1\u00a0Eintrag)\">Erbarmen<\/a>\n<a href=\"https:\/\/marie-annes.net\/kinderstunde\/thema\/esau\" class=\"tag-cloud-link tag-link-120 tag-link-position-15\" style=\"font-size: 8pt;\" aria-label=\"Esau (1\u00a0Eintrag)\">Esau<\/a>\n<a href=\"https:\/\/marie-annes.net\/kinderstunde\/thema\/fladenbrot\" class=\"tag-cloud-link tag-link-34 tag-link-position-16\" style=\"font-size: 14.3pt;\" aria-label=\"Fladenbrot (2\u00a0Eintr\u00e4ge)\">Fladenbrot<\/a>\n<a href=\"https:\/\/marie-annes.net\/kinderstunde\/thema\/freude\" class=\"tag-cloud-link tag-link-86 tag-link-position-17\" style=\"font-size: 8pt;\" aria-label=\"Freude (1\u00a0Eintrag)\">Freude<\/a>\n<a href=\"https:\/\/marie-annes.net\/kinderstunde\/thema\/freundlichkeit\" class=\"tag-cloud-link tag-link-88 tag-link-position-18\" style=\"font-size: 8pt;\" aria-label=\"Freundlichkeit (1\u00a0Eintrag)\">Freundlichkeit<\/a>\n<a href=\"https:\/\/marie-annes.net\/kinderstunde\/thema\/friede\" class=\"tag-cloud-link tag-link-84 tag-link-position-19\" style=\"font-size: 8pt;\" aria-label=\"Friede (1\u00a0Eintrag)\">Friede<\/a>\n<a href=\"https:\/\/marie-annes.net\/kinderstunde\/thema\/frucht-des-geistes\" class=\"tag-cloud-link tag-link-78 tag-link-position-20\" style=\"font-size: 8pt;\" aria-label=\"Frucht des Geistes (1\u00a0Eintrag)\">Frucht des Geistes<\/a>\n<a href=\"https:\/\/marie-annes.net\/kinderstunde\/thema\/fuerchte-dich-nicht\" class=\"tag-cloud-link tag-link-119 tag-link-position-21\" style=\"font-size: 8pt;\" aria-label=\"F\u00fcrchte dich nicht (1\u00a0Eintrag)\">F\u00fcrchte dich nicht<\/a>\n<a href=\"https:\/\/marie-annes.net\/kinderstunde\/thema\/geduld\" class=\"tag-cloud-link tag-link-87 tag-link-position-22\" style=\"font-size: 8pt;\" aria-label=\"Geduld (1\u00a0Eintrag)\">Geduld<\/a>\n<a href=\"https:\/\/marie-annes.net\/kinderstunde\/thema\/gehorsam\" class=\"tag-cloud-link tag-link-12 tag-link-position-23\" style=\"font-size: 14.3pt;\" aria-label=\"Gehorsam (2\u00a0Eintr\u00e4ge)\">Gehorsam<\/a>\n<a href=\"https:\/\/marie-annes.net\/kinderstunde\/thema\/glaube\" class=\"tag-cloud-link tag-link-90 tag-link-position-24\" style=\"font-size: 8pt;\" aria-label=\"Glaube (1\u00a0Eintrag)\">Glaube<\/a>\n<a href=\"https:\/\/marie-annes.net\/kinderstunde\/thema\/gott-gibt-mut\" class=\"tag-cloud-link tag-link-118 tag-link-position-25\" style=\"font-size: 8pt;\" aria-label=\"Gott gibt Mut (1\u00a0Eintrag)\">Gott gibt Mut<\/a>\n<a href=\"https:\/\/marie-annes.net\/kinderstunde\/thema\/gott-passt-auf-seine-kinder-auf\" class=\"tag-cloud-link tag-link-115 tag-link-position-26\" style=\"font-size: 8pt;\" aria-label=\"Gott passt auf seine Kinder auf (1\u00a0Eintrag)\">Gott passt auf seine Kinder auf<\/a>\n<a href=\"https:\/\/marie-annes.net\/kinderstunde\/thema\/goetzenbild\" class=\"tag-cloud-link tag-link-117 tag-link-position-27\" style=\"font-size: 8pt;\" aria-label=\"G\u00f6tzenbild (1\u00a0Eintrag)\">G\u00f6tzenbild<\/a>\n<a href=\"https:\/\/marie-annes.net\/kinderstunde\/thema\/guetigkeit\" class=\"tag-cloud-link tag-link-89 tag-link-position-28\" style=\"font-size: 8pt;\" aria-label=\"G\u00fctigkeit (1\u00a0Eintrag)\">G\u00fctigkeit<\/a>\n<a href=\"https:\/\/marie-annes.net\/kinderstunde\/thema\/hirten\" class=\"tag-cloud-link tag-link-110 tag-link-position-29\" style=\"font-size: 8pt;\" aria-label=\"Hirten (1\u00a0Eintrag)\">Hirten<\/a>\n<a href=\"https:\/\/marie-annes.net\/kinderstunde\/thema\/hochzeit\" class=\"tag-cloud-link tag-link-112 tag-link-position-30\" style=\"font-size: 8pt;\" aria-label=\"Hochzeit (1\u00a0Eintrag)\">Hochzeit<\/a>\n<a href=\"https:\/\/marie-annes.net\/kinderstunde\/thema\/jakob\" class=\"tag-cloud-link tag-link-103 tag-link-position-31\" style=\"font-size: 22pt;\" aria-label=\"Jakob (4\u00a0Eintr\u00e4ge)\">Jakob<\/a>\n<a href=\"https:\/\/marie-annes.net\/kinderstunde\/thema\/kampf\" class=\"tag-cloud-link tag-link-57 tag-link-position-32\" style=\"font-size: 14.3pt;\" aria-label=\"Kampf (2\u00a0Eintr\u00e4ge)\">Kampf<\/a>\n<a href=\"https:\/\/marie-annes.net\/kinderstunde\/thema\/keuschheit\" class=\"tag-cloud-link tag-link-92 tag-link-position-33\" style=\"font-size: 8pt;\" aria-label=\"Keuschheit (1\u00a0Eintrag)\">Keuschheit<\/a>\n<a href=\"https:\/\/marie-annes.net\/kinderstunde\/thema\/laban\" class=\"tag-cloud-link tag-link-106 tag-link-position-34\" style=\"font-size: 14.3pt;\" aria-label=\"Laban (2\u00a0Eintr\u00e4ge)\">Laban<\/a>\n<a href=\"https:\/\/marie-annes.net\/kinderstunde\/thema\/lea\" class=\"tag-cloud-link tag-link-107 tag-link-position-35\" style=\"font-size: 14.3pt;\" aria-label=\"Lea (2\u00a0Eintr\u00e4ge)\">Lea<\/a>\n<a href=\"https:\/\/marie-annes.net\/kinderstunde\/thema\/liebe\" class=\"tag-cloud-link tag-link-83 tag-link-position-36\" style=\"font-size: 8pt;\" aria-label=\"Liebe (1\u00a0Eintrag)\">Liebe<\/a>\n<a href=\"https:\/\/marie-annes.net\/kinderstunde\/thema\/mehl\" class=\"tag-cloud-link tag-link-15 tag-link-position-37\" style=\"font-size: 18.5pt;\" aria-label=\"Mehl (3\u00a0Eintr\u00e4ge)\">Mehl<\/a>\n<a href=\"https:\/\/marie-annes.net\/kinderstunde\/thema\/rahel\" class=\"tag-cloud-link tag-link-114 tag-link-position-38\" style=\"font-size: 14.3pt;\" aria-label=\"Rahel (2\u00a0Eintr\u00e4ge)\">Rahel<\/a>\n<a href=\"https:\/\/marie-annes.net\/kinderstunde\/thema\/sanfmut\" class=\"tag-cloud-link tag-link-91 tag-link-position-39\" style=\"font-size: 8pt;\" aria-label=\"Sanfmut (1\u00a0Eintrag)\">Sanfmut<\/a>\n<a href=\"https:\/\/marie-annes.net\/kinderstunde\/thema\/schafe\" class=\"tag-cloud-link tag-link-109 tag-link-position-40\" style=\"font-size: 8pt;\" aria-label=\"Schafe (1\u00a0Eintrag)\">Schafe<\/a>\n<a href=\"https:\/\/marie-annes.net\/kinderstunde\/thema\/sonne\" class=\"tag-cloud-link tag-link-28 tag-link-position-41\" style=\"font-size: 14.3pt;\" aria-label=\"Sonne (2\u00a0Eintr\u00e4ge)\">Sonne<\/a>\n<a href=\"https:\/\/marie-annes.net\/kinderstunde\/thema\/traum\" class=\"tag-cloud-link tag-link-116 tag-link-position-42\" style=\"font-size: 8pt;\" aria-label=\"Traum (1\u00a0Eintrag)\">Traum<\/a>\n<a href=\"https:\/\/marie-annes.net\/kinderstunde\/thema\/vertraue-auf-gott\" class=\"tag-cloud-link tag-link-123 tag-link-position-43\" style=\"font-size: 8pt;\" aria-label=\"vertraue auf Gott (1\u00a0Eintrag)\">vertraue auf Gott<\/a>\n<a href=\"https:\/\/marie-annes.net\/kinderstunde\/thema\/aepfel\" class=\"tag-cloud-link tag-link-82 tag-link-position-44\" style=\"font-size: 8pt;\" aria-label=\"\u00c4pfel (1\u00a0Eintrag)\">\u00c4pfel<\/a>\n<a href=\"https:\/\/marie-annes.net\/kinderstunde\/thema\/oel\" class=\"tag-cloud-link tag-link-16 tag-link-position-45\" style=\"font-size: 14.3pt;\" aria-label=\"\u00d6l (2\u00a0Eintr\u00e4ge)\">\u00d6l<\/a><\/p>\n\n\n<div class=\"wp-block-columns is-layout-flex wp-container-core-columns-is-layout-9d6595d7 wp-block-columns-is-layout-flex\"><\/div>\n\n\n\n<div class=\"wp-block-columns is-layout-flex wp-container-core-columns-is-layout-9d6595d7 wp-block-columns-is-layout-flex\">\n<div class=\"wp-block-column is-layout-flow wp-block-column-is-layout-flow\">\n<p>Wann war das:<\/p>\n\n\n<div class=\"wp-block-calendar\"><table id=\"wp-calendar\" class=\"wp-calendar-table\">\n\t<caption>April 2026<\/caption>\n\t<thead>\n\t<tr>\n\t\t<th scope=\"col\" aria-label=\"Montag\">M<\/th>\n\t\t<th scope=\"col\" aria-label=\"Dienstag\">D<\/th>\n\t\t<th scope=\"col\" aria-label=\"Mittwoch\">M<\/th>\n\t\t<th scope=\"col\" aria-label=\"Donnerstag\">D<\/th>\n\t\t<th scope=\"col\" aria-label=\"Freitag\">F<\/th>\n\t\t<th scope=\"col\" aria-label=\"Samstag\">S<\/th>\n\t\t<th scope=\"col\" aria-label=\"Sonntag\">S<\/th>\n\t<\/tr>\n\t<\/thead>\n\t<tbody>\n\t<tr>\n\t\t<td colspan=\"2\" class=\"pad\">&nbsp;<\/td><td>1<\/td><td>2<\/td><td>3<\/td><td>4<\/td><td>5<\/td>\n\t<\/tr>\n\t<tr>\n\t\t<td>6<\/td><td>7<\/td><td>8<\/td><td>9<\/td><td>10<\/td><td>11<\/td><td>12<\/td>\n\t<\/tr>\n\t<tr>\n\t\t<td>13<\/td><td>14<\/td><td>15<\/td><td>16<\/td><td>17<\/td><td>18<\/td><td>19<\/td>\n\t<\/tr>\n\t<tr>\n\t\t<td>20<\/td><td>21<\/td><td>22<\/td><td id=\"today\">23<\/td><td>24<\/td><td>25<\/td><td>26<\/td>\n\t<\/tr>\n\t<tr>\n\t\t<td>27<\/td><td>28<\/td><td>29<\/td><td>30<\/td>\n\t\t<td class=\"pad\" colspan=\"3\">&nbsp;<\/td>\n\t<\/tr>\n\t<\/tbody>\n\t<\/table><nav aria-label=\"Vorherige und n\u00e4chste Monate\" class=\"wp-calendar-nav\">\n\t\t<span class=\"wp-calendar-nav-prev\"><a href=\"https:\/\/marie-annes.net\/kinderstunde\/archive\/date\/2021\/10\">&laquo; Okt.<\/a><\/span>\n\t\t<span class=\"pad\">&nbsp;<\/span>\n\t\t<span class=\"wp-calendar-nav-next\">&nbsp;<\/span>\n\t<\/nav><\/div><\/div>\n\n\n\n<div class=\"wp-block-column is-layout-flow wp-block-column-is-layout-flow\">\n<p>Archive:<br><\/p>\n\n\n<ul class=\"wp-block-archives-list wp-block-archives\">\t<li><a href='https:\/\/marie-annes.net\/kinderstunde\/archive\/date\/2021\/10'>Oktober 2021<\/a>&nbsp;(3)<\/li>\n\t<li><a href='https:\/\/marie-annes.net\/kinderstunde\/archive\/date\/2021\/09'>September 2021<\/a>&nbsp;(1)<\/li>\n\t<li><a href='https:\/\/marie-annes.net\/kinderstunde\/archive\/date\/2021\/07'>Juli 2021<\/a>&nbsp;(1)<\/li>\n\t<li><a href='https:\/\/marie-annes.net\/kinderstunde\/archive\/date\/2021\/05'>Mai 2021<\/a>&nbsp;(1)<\/li>\n\t<li><a href='https:\/\/marie-annes.net\/kinderstunde\/archive\/date\/2021\/04'>April 2021<\/a>&nbsp;(1)<\/li>\n\t<li><a href='https:\/\/marie-annes.net\/kinderstunde\/archive\/date\/2021\/03'>M\u00e4rz 2021<\/a>&nbsp;(2)<\/li>\n\t<li><a href='https:\/\/marie-annes.net\/kinderstunde\/archive\/date\/2021\/02'>Februar 2021<\/a>&nbsp;(2)<\/li>\n\t<li><a href='https:\/\/marie-annes.net\/kinderstunde\/archive\/date\/2021\/01'>Januar 2021<\/a>&nbsp;(1)<\/li>\n\t<li><a href='https:\/\/marie-annes.net\/kinderstunde\/archive\/date\/2020\/07'>Juli 2020<\/a>&nbsp;(1)<\/li>\n<\/ul><\/div>\n\n\n\n<div class=\"wp-block-column is-layout-flow wp-block-column-is-layout-flow\">\n<p>In der Kategorie:<br><\/p>\n\n\n<ul class=\"wp-block-categories-list wp-block-categories\">\t<li class=\"cat-item cat-item-5\"><a href=\"https:\/\/marie-annes.net\/kinderstunde\/kategorie\/ausmalbild\">Ausmalbilder<\/a> (1)\n<\/li>\n\t<li class=\"cat-item cat-item-99\"><a href=\"https:\/\/marie-annes.net\/kinderstunde\/kategorie\/basteln\">Basteln<\/a> (3)\n<\/li>\n\t<li class=\"cat-item cat-item-21\"><a href=\"https:\/\/marie-annes.net\/kinderstunde\/kategorie\/bibelverse\">Bibelverse<\/a> (4)\n<\/li>\n\t<li class=\"cat-item cat-item-4\"><a href=\"https:\/\/marie-annes.net\/kinderstunde\/kategorie\/geschichte\">Geschichte<\/a> (8)\n<\/li>\n\t<li class=\"cat-item cat-item-3\"><a href=\"https:\/\/marie-annes.net\/kinderstunde\/kategorie\/lieder\">Lieder<\/a> (1)\n<\/li>\n\t<li class=\"cat-item cat-item-42\"><a href=\"https:\/\/marie-annes.net\/kinderstunde\/kategorie\/lotti\">Lotti<\/a> (1)\n<\/li>\n\t<li class=\"cat-item cat-item-61\"><a href=\"https:\/\/marie-annes.net\/kinderstunde\/kategorie\/rezept\">Rezept<\/a> (1)\n<\/li>\n\t<li class=\"cat-item cat-item-41\"><a href=\"https:\/\/marie-annes.net\/kinderstunde\/kategorie\/video\">Video<\/a> (3)\n<\/li>\n<\/ul><\/div>\n<\/div>\n\n\n<form role=\"search\" method=\"get\" action=\"https:\/\/marie-annes.net\/kinderstunde\/\" class=\"wp-block-search__button-outside wp-block-search__text-button wp-block-search\"    ><label class=\"wp-block-search__label\" for=\"wp-block-search__input-1\" >Suchen<\/label><div class=\"wp-block-search__inside-wrapper\" ><input class=\"wp-block-search__input\" id=\"wp-block-search__input-1\" placeholder=\"\" value=\"\" type=\"search\" name=\"s\" required \/><button aria-label=\"Suchen\" class=\"wp-block-search__button wp-element-button\" type=\"submit\" >Suchen<\/button><\/div><\/form>\n\n\n<div style=\"height:50px\" aria-hidden=\"true\" class=\"wp-block-spacer\"><\/div>\n\n\n\n<div class=\"wp-block-columns is-layout-flex wp-container-core-columns-is-layout-9d6595d7 wp-block-columns-is-layout-flex\">\n<div class=\"wp-block-column is-layout-flow wp-block-column-is-layout-flow\">\n<p>Neueste Aktivit\u00e4ten:<\/p>\n\n\n<ul class=\"wp-block-latest-posts__list wp-block-latest-posts\"><li><a class=\"wp-block-latest-posts__post-title\" href=\"https:\/\/marie-annes.net\/kinderstunde\/archive\/424\">Jakob flieht vor Laban<\/a><\/li>\n<li><a class=\"wp-block-latest-posts__post-title\" href=\"https:\/\/marie-annes.net\/kinderstunde\/archive\/386\">Jakobs Leiter<\/a><\/li>\n<li><a class=\"wp-block-latest-posts__post-title\" href=\"https:\/\/marie-annes.net\/kinderstunde\/archive\/208\">Die Frucht des Geistes<\/a><\/li>\n<li><a class=\"wp-block-latest-posts__post-title\" href=\"https:\/\/marie-annes.net\/kinderstunde\/archive\/6\">Ich bin ein Stein in Gottes Haus<\/a><\/li>\n<li><a class=\"wp-block-latest-posts__post-title\" href=\"https:\/\/marie-annes.net\/kinderstunde\/archive\/36\">Psalm 121<\/a><\/li>\n<li><a class=\"wp-block-latest-posts__post-title\" href=\"https:\/\/marie-annes.net\/kinderstunde\/archive\/17\">Elia und die Witwe in Zarpat<\/a><\/li>\n<li><a class=\"wp-block-latest-posts__post-title\" href=\"https:\/\/marie-annes.net\/kinderstunde\/archive\/73\">Fladenbrot backen<\/a><\/li>\n<li><a class=\"wp-block-latest-posts__post-title\" href=\"https:\/\/marie-annes.net\/kinderstunde\/archive\/42\">Essen f\u00fcr Prophetensch\u00fcler<\/a><\/li>\n<li><a class=\"wp-block-latest-posts__post-title\" href=\"https:\/\/marie-annes.net\/kinderstunde\/archive\/63\">Die Sonne steht still<\/a><\/li>\n<li><a class=\"wp-block-latest-posts__post-title\" href=\"https:\/\/marie-annes.net\/kinderstunde\/archive\/60\">Jonah<\/a><\/li>\n<li><a class=\"wp-block-latest-posts__post-title\" href=\"https:\/\/marie-annes.net\/kinderstunde\/archive\/54\">Tante Bekky und Lotti : respektiert eure Eltern!<\/a><\/li>\n<\/ul><\/div>\n\n\n\n<div class=\"wp-block-column is-layout-flow wp-block-column-is-layout-flow\">\n<p>Letzte Kommentare:<\/p>\n\n\n<div class=\"has-avatars has-dates has-excerpts no-comments wp-block-latest-comments\">Es sind keine Kommentare vorhanden.<\/div><\/div>\n<\/div>\n","protected":false},"excerpt":{"rendered":"<p>Welche Aktivit\u00e4t suchst Du ? Was f\u00fcr ein Thema : Wann war das: Archive: In der Kategorie: Neueste Aktivit\u00e4ten: Letzte Kommentare:<\/p>\n","protected":false},"author":1,"featured_media":0,"parent":0,"menu_order":0,"comment_status":"closed","ping_status":"closed","template":"","meta":{"footnotes":""},"class_list":["post-298","page","type-page","status-publish","hentry"],"_links":{"self":[{"href":"https:\/\/marie-annes.net\/kinderstunde\/wp-json\/wp\/v2\/pages\/298","targetHints":{"allow":["GET"]}}],"collection":[{"href":"https:\/\/marie-annes.net\/kinderstunde\/wp-json\/wp\/v2\/pages"}],"about":[{"href":"https:\/\/marie-annes.net\/kinderstunde\/wp-json\/wp\/v2\/types\/page"}],"author":[{"embeddable":true,"href":"https:\/\/marie-annes.net\/kinderstunde\/wp-json\/wp\/v2\/users\/1"}],"replies":[{"embeddable":true,"href":"https:\/\/marie-annes.net\/kinderstunde\/wp-json\/wp\/v2\/comments?post=298"}],"version-history":[{"count":5,"href":"https:\/\/marie-annes.net\/kinderstunde\/wp-json\/wp\/v2\/pages\/298\/revisions"}],"predecessor-version":[{"id":308,"href":"https:\/\/marie-annes.net\/kinderstunde\/wp-json\/wp\/v2\/pages\/298\/revisions\/308"}],"wp:attachment":[{"href":"https:\/\/marie-annes.net\/kinderstunde\/wp-json\/wp\/v2\/media?parent=298"}],"curies":[{"name":"wp","href":"https:\/\/api.w.org\/{rel}","templated":true}]}}