{"id":2,"date":"2021-05-10T15:55:38","date_gmt":"2021-05-10T13:55:38","guid":{"rendered":"http:\/\/marie-annes.net\/kinderstunde\/?page_id=2"},"modified":"2021-06-22T14:43:32","modified_gmt":"2021-06-22T12:43:32","slug":"links","status":"publish","type":"page","link":"https:\/\/marie-annes.net\/kinderstunde\/links","title":{"rendered":"Christliche Webseite f\u00fcr Kinder"},"content":{"rendered":"\n<div class=\"wp-block-columns is-layout-flex wp-container-core-columns-is-layout-9d6595d7 wp-block-columns-is-layout-flex\">\n<div class=\"wp-block-column is-layout-flow wp-block-column-is-layout-flow\" style=\"flex-basis:100%\">\n<p><\/p>\n\n\n\n<div class=\"wp-block-media-text alignwide is-stacked-on-mobile has-text-color has-background\" style=\"background-color:#c7d177;color:#f97606\"><figure class=\"wp-block-media-text__media\"><a href=\"http:\/\/messageforchildren.org\/index.php?lang=de\"><img loading=\"lazy\" decoding=\"async\" width=\"308\" height=\"167\" src=\"http:\/\/marie-annes.net\/kinderstunde\/wp-content\/uploads\/2021\/06\/MessageForChildren.png\" alt=\"http:\/\/messageforchildren.org\/index.php?lang=de\" class=\"wp-image-84 size-full\" srcset=\"https:\/\/marie-annes.net\/kinderstunde\/wp-content\/uploads\/2021\/06\/MessageForChildren.png 308w, https:\/\/marie-annes.net\/kinderstunde\/wp-content\/uploads\/2021\/06\/MessageForChildren-300x163.png 300w\" sizes=\"auto, (max-width: 308px) 100vw, 308px\" \/><\/a><\/figure><div class=\"wp-block-media-text__content\">\n<p class=\"has-larger-font-size\"><a href=\"http:\/\/messageforchildren.org\/index.php?lang=de\">Botschaft f\u00fcr Kinder<\/a><\/p>\n\n\n\n<ul class=\"wp-block-list\"><li>Malbuch : &#8222;Komm h\u00f6her hinauf, kleiner Adler&#8220;<\/li><li>Geschichten, die Bruder Branham in seinen Predigten erz\u00e4hlt : zum lesen oder h\u00f6ren<\/li><li>Zeugnisse : Mit Gott erlebt<\/li><\/ul>\n\n\n\n<p><sub>(in 12 Sprachen)<\/sub><\/p>\n<\/div><\/div>\n\n\n\n<div class=\"wp-block-media-text alignwide is-stacked-on-mobile has-blue-color has-text-color has-background\" style=\"background-color:#ffffff\" id=\"cubcorner\"><figure class=\"wp-block-media-text__media\"><a href=\"http:\/\/cubcorner.org\"><img decoding=\"async\" src=\"https:\/\/cubcorner.org\/cubcorner\/img\/cclogo.png\" alt=\"cubcorner.org\"\/><\/a><\/figure><div class=\"wp-block-media-text__content\">\n<p class=\"has-large-font-size\"><a href=\"http:\/\/cubcorner.org\">Kinderecke von VGR<\/a><\/p>\n\n\n\n<p>Voice Of God Recording &#8211; Br. Branham f\u00fcr die Kinder<\/p>\n\n\n\n<ul class=\"has-background wp-block-list\" style=\"background-color:#ffffff\"><li>Blog, Magazin, Bibelverse, Sonntagschule,<\/li><li>Kinder Malwerke, Hauptfiguren in der Bibel, <\/li><li>Spiele, Audios &amp; Videos. <\/li><\/ul>\n\n\n\n<p><sub>(Sprache:  Englisch, Franz\u00f6sisch und Spanisch)<\/sub><\/p>\n<\/div><\/div>\n\n\n\n<div class=\"wp-block-media-text alignwide is-stacked-on-mobile has-text-color has-background\" style=\"background:linear-gradient(135deg,rgb(6,214,47) 0%,rgb(217,245,188) 100%);color:#ffffff\"><figure class=\"wp-block-media-text__media\"><img loading=\"lazy\" decoding=\"async\" width=\"770\" height=\"401\" src=\"http:\/\/marie-annes.net\/kinderstunde\/wp-content\/uploads\/2021\/06\/BibleForChildren.png\" alt=\"\" class=\"wp-image-85 size-full\" srcset=\"https:\/\/marie-annes.net\/kinderstunde\/wp-content\/uploads\/2021\/06\/BibleForChildren.png 770w, https:\/\/marie-annes.net\/kinderstunde\/wp-content\/uploads\/2021\/06\/BibleForChildren-300x156.png 300w, https:\/\/marie-annes.net\/kinderstunde\/wp-content\/uploads\/2021\/06\/BibleForChildren-768x400.png 768w\" sizes=\"auto, (max-width: 770px) 100vw, 770px\" \/><\/figure><div class=\"wp-block-media-text__content\">\n<p class=\"has-large-font-size\"><a href=\"https:\/\/bibleforchildren.org\/languages\/german\/stories.php\">Bibel f\u00fcr Kinder<\/a><\/p>\n\n\n\n<ul class=\"wp-block-list\"><li>Bibel Geschichten als PDF<\/li><\/ul>\n\n\n\n<p><sub>(in 240 Sprachen)<\/sub><\/p>\n<\/div><\/div>\n\n\n\n<p><\/p>\n<\/div>\n<\/div>\n\n\n\n<p>Wenn Du andere tolle Seite kennst, schreib es im Kommentar. Danke!<\/p>\n","protected":false},"excerpt":{"rendered":"<p>Botschaft f\u00fcr Kinder Malbuch : &#8222;Komm h\u00f6her hinauf, kleiner Adler&#8220; Geschichten, die Bruder Branham in seinen Predigten erz\u00e4hlt : zum lesen oder h\u00f6ren Zeugnisse : Mit Gott erlebt (in 12 Sprachen) Kinderecke von VGR Voice Of God Recording &#8211; Br. Branham f\u00fcr die Kinder Blog, Magazin, Bibelverse, Sonntagschule, Kinder Malwerke, Hauptfiguren in der Bibel, Spiele,&#8230;<\/p>\n","protected":false},"author":1,"featured_media":0,"parent":0,"menu_order":0,"comment_status":"open","ping_status":"open","template":"","meta":{"footnotes":""},"class_list":["post-2","page","type-page","status-publish","hentry"],"_links":{"self":[{"href":"https:\/\/marie-annes.net\/kinderstunde\/wp-json\/wp\/v2\/pages\/2","targetHints":{"allow":["GET"]}}],"collection":[{"href":"https:\/\/marie-annes.net\/kinderstunde\/wp-json\/wp\/v2\/pages"}],"about":[{"href":"https:\/\/marie-annes.net\/kinderstunde\/wp-json\/wp\/v2\/types\/page"}],"author":[{"embeddable":true,"href":"https:\/\/marie-annes.net\/kinderstunde\/wp-json\/wp\/v2\/users\/1"}],"replies":[{"embeddable":true,"href":"https:\/\/marie-annes.net\/kinderstunde\/wp-json\/wp\/v2\/comments?post=2"}],"version-history":[{"count":4,"href":"https:\/\/marie-annes.net\/kinderstunde\/wp-json\/wp\/v2\/pages\/2\/revisions"}],"predecessor-version":[{"id":126,"href":"https:\/\/marie-annes.net\/kinderstunde\/wp-json\/wp\/v2\/pages\/2\/revisions\/126"}],"wp:attachment":[{"href":"https:\/\/marie-annes.net\/kinderstunde\/wp-json\/wp\/v2\/media?parent=2"}],"curies":[{"name":"wp","href":"https:\/\/api.w.org\/{rel}","templated":true}]}}